{"id":1062,"date":"2023-11-15T16:27:20","date_gmt":"2023-11-15T16:27:20","guid":{"rendered":"https:\/\/amillubi.eus\/para-que\/"},"modified":"2024-10-30T06:51:13","modified_gmt":"2024-10-30T06:51:13","slug":"para-que","status":"publish","type":"page","link":"https:\/\/amillubi.eus\/es\/para-que\/","title":{"rendered":"\u00bfPara qu\u00e9?"},"content":{"rendered":"\n<h2 class=\"wp-block-heading\">\u00bfPara qu\u00e9?<\/h2>\n\n<div class=\"wp-block-cover alignfull\" style=\"min-height:201px;aspect-ratio:unset;\"><span aria-hidden=\"true\" class=\"wp-block-cover__background has-background-dim-0 has-background-dim\"><\/span><img loading=\"lazy\" decoding=\"async\" width=\"1412\" height=\"521\" class=\"wp-block-cover__image-background wp-image-120\" alt=\"\" src=\"https:\/\/amillubi.eus\/wp-content\/uploads\/2023\/11\/Panorama_sin_t\u00a1tulo-3-e1700848879530.jpeg\" style=\"object-position:33% 27%\" data-object-fit=\"cover\" data-object-position=\"33% 27%\" srcset=\"https:\/\/amillubi.eus\/wp-content\/uploads\/2023\/11\/Panorama_sin_t\u00a1tulo-3-e1700848879530.jpeg 1412w, https:\/\/amillubi.eus\/wp-content\/uploads\/2023\/11\/Panorama_sin_t\u00a1tulo-3-e1700848879530-300x111.jpeg 300w, https:\/\/amillubi.eus\/wp-content\/uploads\/2023\/11\/Panorama_sin_t\u00a1tulo-3-e1700848879530-1024x378.jpeg 1024w, https:\/\/amillubi.eus\/wp-content\/uploads\/2023\/11\/Panorama_sin_t\u00a1tulo-3-e1700848879530-768x283.jpeg 768w\" sizes=\"auto, (max-width: 1412px) 100vw, 1412px\" \/><div class=\"wp-block-cover__inner-container has-global-padding is-layout-constrained wp-block-cover-is-layout-constrained\">\n<p class=\"has-text-align-center has-large-font-size\"><\/p>\n<\/div><\/div>\n\n<p>\u00a1Vamos a comprar el caser\u00edo Amillubi y sus tierras! <strong>En el camino hacia la soberan\u00eda alimentaria<\/strong>, <strong>pondremos en marcha proyectos de agricultura<\/strong> respetuosos con la tierra, fomentaremos la formaci\u00f3n y creaci\u00f3n de redes entre los y las agricultoras y seremos acompa\u00f1antes de viaje de nuevas incorporaciones. <\/p>\n\n<p>El objetivo principal del proyecto es convertir el caser\u00edo Amilibia y sus tierras en un <strong>bien colectivo<\/strong> a trav\u00e9s del cual: <\/p>\n\n<div class=\"wp-block-columns is-layout-flex wp-container-core-columns-is-layout-28f84493 wp-block-columns-is-layout-flex\">\n<div class=\"wp-block-column is-layout-flow wp-block-column-is-layout-flow\" style=\"flex-basis:33.33%\">\n<figure class=\"wp-block-image aligncenter size-full is-resized wp-duotone-4f3623-ffffff-1\"><img decoding=\"async\" src=\"https:\/\/amillubi.eus\/wp-content\/uploads\/2023\/11\/haritza.png\" alt=\"\" class=\"wp-image-323\" style=\"width:86px\" width=\"86\"\/><\/figure>\n<\/div>\n\n\n\n<div class=\"wp-block-column is-layout-flow wp-block-column-is-layout-flow\" style=\"flex-basis:66.66%\">\n<p>Asegurar el acceso de la poblaci\u00f3n a alimentos aut\u00f3ctonos y saludables.<\/p>\n<\/div>\n<\/div>\n\n<div class=\"wp-block-columns is-layout-flex wp-container-core-columns-is-layout-28f84493 wp-block-columns-is-layout-flex\">\n<div class=\"wp-block-column is-layout-flow wp-block-column-is-layout-flow\" style=\"flex-basis:33.33%\">\n<figure class=\"wp-block-image aligncenter size-full is-resized wp-duotone-4f3623-ffffff-2\"><img decoding=\"async\" src=\"https:\/\/amillubi.eus\/wp-content\/uploads\/2023\/11\/kalabaza.png\" alt=\"\" class=\"wp-image-320\" style=\"width:86px\" width=\"86\"\/><\/figure>\n<\/div>\n\n\n\n<div class=\"wp-block-column is-vertically-aligned-center is-layout-flow wp-block-column-is-layout-flow\" style=\"flex-basis:66.66%\">\n<p>Que se puedan cultivar las tierras de forma digna.<\/p>\n<\/div>\n<\/div>\n\n<div class=\"wp-block-columns is-layout-flex wp-container-core-columns-is-layout-28f84493 wp-block-columns-is-layout-flex\">\n<div class=\"wp-block-column is-layout-flow wp-block-column-is-layout-flow\" style=\"flex-basis:33.33%\">\n<figure class=\"wp-block-image aligncenter size-full is-resized wp-duotone-4f3623-ffffff-3\"><img decoding=\"async\" src=\"https:\/\/amillubi.eus\/wp-content\/uploads\/2023\/11\/hoztoa-1.png\" alt=\"\" class=\"wp-image-206\" style=\"width:86px\" width=\"86\"\/><\/figure>\n<\/div>\n\n\n\n<div class=\"wp-block-column is-vertically-aligned-center is-layout-flow wp-block-column-is-layout-flow\" style=\"flex-basis:66.66%\">\n<p>Proteger la tierra de la especulaci\u00f3n y la artificializaci\u00f3n<\/p>\n<\/div>\n<\/div>\n\n<div class=\"wp-block-columns is-layout-flex wp-container-core-columns-is-layout-28f84493 wp-block-columns-is-layout-flex\">\n<div class=\"wp-block-column is-layout-flow wp-block-column-is-layout-flow\" style=\"flex-basis:33.33%\">\n<figure class=\"wp-block-image aligncenter size-full is-resized wp-duotone-4f3623-ffffff-4\"><img decoding=\"async\" src=\"https:\/\/amillubi.eus\/wp-content\/uploads\/2023\/11\/LANDAREA.png\" alt=\"\" class=\"wp-image-319\" style=\"width:86px\" width=\"86\"\/><\/figure>\n<\/div>\n\n\n\n<div class=\"wp-block-column is-vertically-aligned-center is-layout-flow wp-block-column-is-layout-flow\" style=\"flex-basis:66.66%\">\n<p>Fortalecer el sector primario y nuestro sistema alimentario local.<\/p>\n<\/div>\n<\/div>\n\n<p>Amillubi quiere participar en la fundaci\u00f3n de una <strong>agricultura popular y sostenible<\/strong> en Euskal Herria, siguiendo la estela de Lurzaindia en Iparralde.<\/p>\n","protected":false},"excerpt":{"rendered":"<p>\u00bfPara qu\u00e9? \u00a1Vamos a comprar el caser\u00edo Amillubi y sus tierras! En el camino hacia la soberan\u00eda alimentaria, pondremos en marcha proyectos de agricultura respetuosos con la tierra, fomentaremos la formaci\u00f3n y creaci\u00f3n de redes entre los y las agricultoras y seremos acompa\u00f1antes de viaje de nuevas incorporaciones. El objetivo principal del proyecto es convertir [&hellip;]<\/p>\n","protected":false},"author":2,"featured_media":0,"parent":0,"menu_order":0,"comment_status":"closed","ping_status":"closed","template":"","meta":{"footnotes":""},"class_list":["post-1062","page","type-page","status-publish","hentry"],"_links":{"self":[{"href":"https:\/\/amillubi.eus\/es\/wp-json\/wp\/v2\/pages\/1062","targetHints":{"allow":["GET"]}}],"collection":[{"href":"https:\/\/amillubi.eus\/es\/wp-json\/wp\/v2\/pages"}],"about":[{"href":"https:\/\/amillubi.eus\/es\/wp-json\/wp\/v2\/types\/page"}],"author":[{"embeddable":true,"href":"https:\/\/amillubi.eus\/es\/wp-json\/wp\/v2\/users\/2"}],"replies":[{"embeddable":true,"href":"https:\/\/amillubi.eus\/es\/wp-json\/wp\/v2\/comments?post=1062"}],"version-history":[{"count":4,"href":"https:\/\/amillubi.eus\/es\/wp-json\/wp\/v2\/pages\/1062\/revisions"}],"predecessor-version":[{"id":1067,"href":"https:\/\/amillubi.eus\/es\/wp-json\/wp\/v2\/pages\/1062\/revisions\/1067"}],"wp:attachment":[{"href":"https:\/\/amillubi.eus\/es\/wp-json\/wp\/v2\/media?parent=1062"}],"curies":[{"name":"wp","href":"https:\/\/api.w.org\/{rel}","templated":true}]}}